{"id":593,"date":"2023-10-16T16:29:18","date_gmt":"2023-10-16T14:29:18","guid":{"rendered":"https:\/\/www.lantonyme.com\/?post_type=product&#038;p=593"},"modified":"2023-10-16T16:55:17","modified_gmt":"2023-10-16T14:55:17","slug":"pull-en-lin-couleur-ecru-tricote-main-en-france-modele-bore-de-la-marque-i-am-sh","status":"publish","type":"product","link":"https:\/\/www.lantonyme.com\/fr\/produit\/593\/pull-en-lin-couleur-ecru-tricote-main-en-france-modele-bore-de-la-marque-i-am-sh\/","title":{"rendered":"Pull en lin couleur \u00e9cru tricot\u00e9 main en France, mod\u00e8le Bore de la marque I am SH\u00ae"},"content":{"rendered":"<p>Lorem ipsum dolor sit amet, consectetur adipiscing elit. Sed lacinia, tortor id posuere malesuada, turpis tellus molestie eros, ut cursus libero sapien eu libero. Proin pretium eu mauris a commodo. Morbi quis laoreet nisl, vel tempus leo. Nam egestas vulputate ipsum eget auctor. Vestibulum ornare laoreet dui, vel ornare velit varius et. Donec non lacus eu massa sollicitudin iaculis. In hac habitasse platea dictumst. Etiam eget hendrerit metus. Nunc interdum finibus hendrerit. Sed dignissim neque sit amet ante tempus dapibus. Nulla sed ipsum ac leo ullamcorper aliquam. In blandit elit a volutpat vulputate. Praesent nec libero convallis, feugiat enim iaculis, porttitor erat.<\/p>\n","protected":false},"excerpt":{"rendered":"<p>Lorem ipsum dolor sit amet, consectetur adipiscing elit. Sed lacinia, tortor id posuere malesuada, turpis tellus molestie eros, ut cursus libero sapien eu libero. Proin pretium eu mauris a commodo. Morbi quis laoreet nisl, vel tempus leo. Nam egestas vulputate ipsum eget auctor. Vestibulum ornare laoreet dui, vel ornare velit varius et. Donec non lacus [&hellip;]<\/p>\n","protected":false},"featured_media":0,"comment_status":"open","ping_status":"closed","template":"","meta":{"jetpack_post_was_ever_published":false},"product_brand":[],"product_cat":[30,33],"product_tag":[],"class_list":{"0":"post-593","1":"product","2":"type-product","3":"status-publish","5":"product_cat-i-am-sh-iamsh-officielle","6":"product_cat-printemps-ete-i-am-sh-iamsh","7":"product_shipping_class-iamsh","8":"pa_care-step1-washing-ne-pas-laver","9":"pa_care-step2-bleaching-blanchiment-interdit","10":"pa_care-step3-drying-sechage-machine-tambour-mecanique-interdit","11":"pa_care-step4-ironing-repassage-basse-temperature","12":"pa_care-step5-professional-nettoyage-humide-pro-tres-doux","13":"pa_composition-100-lin","14":"pa_couleur-couleur-blanc","15":"pa_couleur-majoritaire-normee-blanc-ecru-fefee0","16":"pa_coupe-forme-coupe-loose","17":"pa_fabrication-fabrique-en-france-design-et-tricotage","18":"pa_marque-label-marque-i-am-sh","19":"pa_matiere-principale-lin-fibre-vegetale","20":"pa_origine-provenance-materiaux-fils-francais-patrimoine-vivant","21":"pa_qualite-fabrication-demande-commande","22":"pa_taille-unique","24":"first","25":"instock","26":"taxable","27":"shipping-taxable","28":"purchasable","29":"product-type-simple"},"jetpack-related-posts":[{"id":567,"url":"https:\/\/www.lantonyme.com\/fr\/produit\/567\/pull-en-cachemire-couleur-ecru-tricote-main-en-france-modele-helium-de-la-marque-i-am-sh\/","url_meta":{"origin":593,"position":0},"title":"Pull en cachemire couleur \u00e9cru tricot\u00e9 main en France, mod\u00e8le H\u00e9lium de la marque I am SH\u00ae","author":"L'Antonyme Store","date":"16 octobre 2023","format":false,"excerpt":"Lorem ipsum dolor sit amet, consectetur adipiscing elit. Sed lacinia, tortor id posuere malesuada, turpis tellus molestie eros, ut cursus libero sapien eu libero. Proin pretium eu mauris a commodo. Morbi quis laoreet nisl, vel tempus leo. Nam egestas vulputate ipsum eget auctor. Vestibulum ornare laoreet dui, vel ornare velit\u2026","rel":"","context":"Article similaire","block_context":{"text":"Article similaire","link":""},"img":{"alt_text":"","src":"","width":0,"height":0},"classes":[]},{"id":568,"url":"https:\/\/www.lantonyme.com\/fr\/produit\/568\/pull-en-mohair-couleur-taupe-tricote-main-en-france-modele-carbone-de-la-marque-i-am-sh\/","url_meta":{"origin":593,"position":1},"title":"Pull en mohair couleur taupe tricot\u00e9 main en France, mod\u00e8le Carbone de la marque I am SH\u00ae","author":"L'Antonyme Store","date":"16 octobre 2023","format":false,"excerpt":"Lorem ipsum dolor sit amet, consectetur adipiscing elit. Sed lacinia, tortor id posuere malesuada, turpis tellus molestie eros, ut cursus libero sapien eu libero. Proin pretium eu mauris a commodo. Morbi quis laoreet nisl, vel tempus leo. Nam egestas vulputate ipsum eget auctor. Vestibulum ornare laoreet dui, vel ornare velit\u2026","rel":"","context":"Article similaire","block_context":{"text":"Article similaire","link":""},"img":{"alt_text":"","src":"","width":0,"height":0},"classes":[]},{"id":570,"url":"https:\/\/www.lantonyme.com\/fr\/produit\/570\/pull-en-cachemire-couleur-taupe-tricote-main-en-france-modele-silicium-de-la-marque-i-am-sh\/","url_meta":{"origin":593,"position":2},"title":"Pull en cachemire couleur taupe tricot\u00e9 main en France, mod\u00e8le Silicium de la marque I am SH\u00ae","author":"L'Antonyme Store","date":"16 octobre 2023","format":false,"excerpt":"Lorem ipsum dolor sit amet, consectetur adipiscing elit. Sed lacinia, tortor id posuere malesuada, turpis tellus molestie eros, ut cursus libero sapien eu libero. Proin pretium eu mauris a commodo. Morbi quis laoreet nisl, vel tempus leo. Nam egestas vulputate ipsum eget auctor. Vestibulum ornare laoreet dui, vel ornare velit\u2026","rel":"","context":"Article similaire","block_context":{"text":"Article similaire","link":""},"img":{"alt_text":"","src":"","width":0,"height":0},"classes":[]},{"id":571,"url":"https:\/\/www.lantonyme.com\/fr\/produit\/571\/pull-en-cachemire-couleur-noire-tricote-main-en-france-modele-phosphore-de-la-marque-i-am-sh\/","url_meta":{"origin":593,"position":3},"title":"Pull en cachemire couleur noire tricot\u00e9 main en France, mod\u00e8le Phosphore de la marque I am SH\u00ae","author":"L'Antonyme Store","date":"16 octobre 2023","format":false,"excerpt":"Lorem ipsum dolor sit amet, consectetur adipiscing elit. Sed lacinia, tortor id posuere malesuada, turpis tellus molestie eros, ut cursus libero sapien eu libero. Proin pretium eu mauris a commodo. Morbi quis laoreet nisl, vel tempus leo. Nam egestas vulputate ipsum eget auctor. Vestibulum ornare laoreet dui, vel ornare velit\u2026","rel":"","context":"Article similaire","block_context":{"text":"Article similaire","link":""},"img":{"alt_text":"","src":"","width":0,"height":0},"classes":[]},{"id":572,"url":"https:\/\/www.lantonyme.com\/fr\/produit\/572\/pull-en-cachemire-couleur-rouge-tricote-main-en-france-modele-calcium-de-la-marque-i-am-sh\/","url_meta":{"origin":593,"position":4},"title":"Pull en cachemire couleur rouge tricot\u00e9 main en France, mod\u00e8le Calcium de la marque I am SH\u00ae","author":"L'Antonyme Store","date":"16 octobre 2023","format":false,"excerpt":"Lorem ipsum dolor sit amet, consectetur adipiscing elit. Sed lacinia, tortor id posuere malesuada, turpis tellus molestie eros, ut cursus libero sapien eu libero. Proin pretium eu mauris a commodo. Morbi quis laoreet nisl, vel tempus leo. Nam egestas vulputate ipsum eget auctor. Vestibulum ornare laoreet dui, vel ornare velit\u2026","rel":"","context":"Article similaire","block_context":{"text":"Article similaire","link":""},"img":{"alt_text":"","src":"","width":0,"height":0},"classes":[]},{"id":574,"url":"https:\/\/www.lantonyme.com\/fr\/produit\/574\/pull-en-cachemire-couleur-noire-tricote-main-en-france-modele-gallium-de-la-marque-i-am-sh\/","url_meta":{"origin":593,"position":5},"title":"Pull en cachemire couleur noire tricot\u00e9 main en France, mod\u00e8le Gallium de la marque I am SH\u00ae","author":"L'Antonyme Store","date":"16 octobre 2023","format":false,"excerpt":"Lorem ipsum dolor sit amet, consectetur adipiscing elit. Sed lacinia, tortor id posuere malesuada, turpis tellus molestie eros, ut cursus libero sapien eu libero. Proin pretium eu mauris a commodo. Morbi quis laoreet nisl, vel tempus leo. Nam egestas vulputate ipsum eget auctor. Vestibulum ornare laoreet dui, vel ornare velit\u2026","rel":"","context":"Article similaire","block_context":{"text":"Article similaire","link":""},"img":{"alt_text":"","src":"","width":0,"height":0},"classes":[]}],"jetpack_sharing_enabled":true,"_links":{"self":[{"href":"https:\/\/www.lantonyme.com\/fr\/wp-json\/wp\/v2\/product\/593","targetHints":{"allow":["GET"]}}],"collection":[{"href":"https:\/\/www.lantonyme.com\/fr\/wp-json\/wp\/v2\/product"}],"about":[{"href":"https:\/\/www.lantonyme.com\/fr\/wp-json\/wp\/v2\/types\/product"}],"replies":[{"embeddable":true,"href":"https:\/\/www.lantonyme.com\/fr\/wp-json\/wp\/v2\/comments?post=593"}],"wp:attachment":[{"href":"https:\/\/www.lantonyme.com\/fr\/wp-json\/wp\/v2\/media?parent=593"}],"wp:term":[{"taxonomy":"product_brand","embeddable":true,"href":"https:\/\/www.lantonyme.com\/fr\/wp-json\/wp\/v2\/product_brand?post=593"},{"taxonomy":"product_cat","embeddable":true,"href":"https:\/\/www.lantonyme.com\/fr\/wp-json\/wp\/v2\/product_cat?post=593"},{"taxonomy":"product_tag","embeddable":true,"href":"https:\/\/www.lantonyme.com\/fr\/wp-json\/wp\/v2\/product_tag?post=593"}],"curies":[{"name":"wp","href":"https:\/\/api.w.org\/{rel}","templated":true}]}}